{"id":1463,"date":"2025-12-10T12:04:54","date_gmt":"2025-12-10T12:04:54","guid":{"rendered":"https:\/\/quintadocarvalhido.com\/?post_type=product&#038;p=1463"},"modified":"2025-12-11T19:42:10","modified_gmt":"2025-12-11T19:42:10","slug":"azeite-2024","status":"publish","type":"product","link":"https:\/\/quintadocarvalhido.com\/en\/loja-online\/azeite-2024\/","title":{"rendered":"Azeite Virgem Extra Premium 2024"},"content":{"rendered":"<p>O azeite \u00e9 produzido exclusivamente a partir de olivais biol\u00f3gicos, cultivados na Quinta do Carvalhido. A apanha da azeitona \u00e9 feita manualmente, garantindo a sele\u00e7\u00e3o rigorosa dos melhores frutos e preservando a integridade das \u00e1rvores.<\/p>\n<p>Iniciamos a campanha logo que as caracter\u00edsticas organol\u00e9pticas das azeitonas revelam o seu pleno potencial arom\u00e1tico. A colheita \u00e9 realizada por lotes, permitindo escolher cuidadosamente diferentes parcelas do olival para real\u00e7ar o perfil sensorial \u00fanico deste azeite.<\/p>\n<p>O resultado \u00e9 um azeite virgem extra de grande pureza, com acidez de apenas 0,17%, expressando de forma aut\u00eantica a qualidade e identidade da Quinta do Carvalhido.<\/p>\n","protected":false},"excerpt":{"rendered":"<p>O azeite \u00e9 produzido exclusivamente a partir de olivais biol\u00f3gicos, cultivados na Quinta do Carvalhido. A apanha da azeitona \u00e9 feita manualmente, garantindo a sele\u00e7\u00e3o rigorosa dos melhores frutos e preservando a integridade das \u00e1rvores. Iniciamos a campanha logo que as caracter\u00edsticas organol\u00e9pticas das azeitonas revelam o seu pleno potencial arom\u00e1tico. A colheita \u00e9 realizada [&hellip;]<\/p>\n","protected":false},"featured_media":1464,"comment_status":"open","ping_status":"closed","template":"","meta":{"_acf_changed":false},"product_brand":[],"product_cat":[44],"product_tag":[],"class_list":{"0":"post-1463","1":"product","2":"type-product","3":"status-publish","4":"has-post-thumbnail","6":"product_cat-azeite","7":"has-post-title","8":"has-post-date","9":"has-post-category","10":"has-post-tag","11":"has-post-comment","12":"has-post-author","13":"","15":"first","16":"instock","17":"shipping-taxable","18":"purchasable","19":"product-type-simple"},"acf":[],"yoast_head":"<!-- This site is optimized with the Yoast SEO plugin v26.6 - https:\/\/yoast.com\/wordpress\/plugins\/seo\/ -->\n<title>Azeite Virgem Extra Premium 2024 - Quinta do Carvalhido<\/title>\n<meta name=\"robots\" content=\"index, follow, max-snippet:-1, max-image-preview:large, max-video-preview:-1\" \/>\n<link rel=\"canonical\" href=\"https:\/\/quintadocarvalhido.com\/loja-online\/azeite-2024\/\" \/>\n<meta property=\"og:locale\" content=\"en_US\" \/>\n<meta property=\"og:type\" content=\"article\" \/>\n<meta property=\"og:title\" content=\"Azeite Virgem Extra Premium 2024 - Quinta do Carvalhido\" \/>\n<meta property=\"og:description\" content=\"O azeite \u00e9 produzido exclusivamente a partir de olivais biol\u00f3gicos, cultivados na Quinta do Carvalhido. A apanha da azeitona \u00e9 feita manualmente, garantindo a sele\u00e7\u00e3o rigorosa dos melhores frutos e preservando a integridade das \u00e1rvores. Iniciamos a campanha logo que as caracter\u00edsticas organol\u00e9pticas das azeitonas revelam o seu pleno potencial arom\u00e1tico. A colheita \u00e9 realizada [&hellip;]\" \/>\n<meta property=\"og:url\" content=\"https:\/\/quintadocarvalhido.com\/loja-online\/azeite-2024\/\" \/>\n<meta property=\"og:site_name\" content=\"Quinta do Carvalhido\" \/>\n<meta property=\"article:publisher\" content=\"https:\/\/www.facebook.com\/QuintadoCarvalhido\/\" \/>\n<meta property=\"article:modified_time\" content=\"2025-12-11T19:42:10+00:00\" \/>\n<meta property=\"og:image\" content=\"https:\/\/quintadocarvalhido.com\/wp-content\/uploads\/2025\/12\/cns-azeite-1-scaled.jpg\" \/>\n\t<meta property=\"og:image:width\" content=\"1707\" \/>\n\t<meta property=\"og:image:height\" content=\"2560\" \/>\n\t<meta property=\"og:image:type\" content=\"image\/jpeg\" \/>\n<meta name=\"twitter:card\" content=\"summary_large_image\" \/>\n<meta name=\"twitter:label1\" content=\"Est. reading time\" \/>\n\t<meta name=\"twitter:data1\" content=\"1 minute\" \/>\n<script type=\"application\/ld+json\" class=\"yoast-schema-graph\">{\"@context\":\"https:\/\/schema.org\",\"@graph\":[{\"@type\":\"WebPage\",\"@id\":\"https:\/\/quintadocarvalhido.com\/loja-online\/azeite-2024\/\",\"url\":\"https:\/\/quintadocarvalhido.com\/loja-online\/azeite-2024\/\",\"name\":\"Azeite Virgem Extra Premium 2024 - Quinta do Carvalhido\",\"isPartOf\":{\"@id\":\"https:\/\/quintadocarvalhido.com\/#website\"},\"primaryImageOfPage\":{\"@id\":\"https:\/\/quintadocarvalhido.com\/loja-online\/azeite-2024\/#primaryimage\"},\"image\":{\"@id\":\"https:\/\/quintadocarvalhido.com\/loja-online\/azeite-2024\/#primaryimage\"},\"thumbnailUrl\":\"https:\/\/quintadocarvalhido.com\/wp-content\/uploads\/2025\/12\/cns-azeite-1-scaled.jpg\",\"datePublished\":\"2025-12-10T12:04:54+00:00\",\"dateModified\":\"2025-12-11T19:42:10+00:00\",\"breadcrumb\":{\"@id\":\"https:\/\/quintadocarvalhido.com\/loja-online\/azeite-2024\/#breadcrumb\"},\"inLanguage\":\"en-US\",\"potentialAction\":[{\"@type\":\"ReadAction\",\"target\":[\"https:\/\/quintadocarvalhido.com\/loja-online\/azeite-2024\/\"]}]},{\"@type\":\"ImageObject\",\"inLanguage\":\"en-US\",\"@id\":\"https:\/\/quintadocarvalhido.com\/loja-online\/azeite-2024\/#primaryimage\",\"url\":\"https:\/\/quintadocarvalhido.com\/wp-content\/uploads\/2025\/12\/cns-azeite-1-scaled.jpg\",\"contentUrl\":\"https:\/\/quintadocarvalhido.com\/wp-content\/uploads\/2025\/12\/cns-azeite-1-scaled.jpg\",\"width\":1707,\"height\":2560},{\"@type\":\"BreadcrumbList\",\"@id\":\"https:\/\/quintadocarvalhido.com\/loja-online\/azeite-2024\/#breadcrumb\",\"itemListElement\":[{\"@type\":\"ListItem\",\"position\":1,\"name\":\"Home\",\"item\":\"https:\/\/quintadocarvalhido.com\/en\/\"},{\"@type\":\"ListItem\",\"position\":2,\"name\":\"Online Shop\",\"item\":\"https:\/\/quintadocarvalhido.com\/en\/online-shop\/\"},{\"@type\":\"ListItem\",\"position\":3,\"name\":\"Azeite Virgem Extra Premium 2024\"}]},{\"@type\":\"WebSite\",\"@id\":\"https:\/\/quintadocarvalhido.com\/#website\",\"url\":\"https:\/\/quintadocarvalhido.com\/\",\"name\":\"Quinta do Carvalhido\",\"description\":\"\",\"publisher\":{\"@id\":\"https:\/\/quintadocarvalhido.com\/#organization\"},\"potentialAction\":[{\"@type\":\"SearchAction\",\"target\":{\"@type\":\"EntryPoint\",\"urlTemplate\":\"https:\/\/quintadocarvalhido.com\/?s={search_term_string}\"},\"query-input\":{\"@type\":\"PropertyValueSpecification\",\"valueRequired\":true,\"valueName\":\"search_term_string\"}}],\"inLanguage\":\"en-US\"},{\"@type\":\"Organization\",\"@id\":\"https:\/\/quintadocarvalhido.com\/#organization\",\"name\":\"Quinta do Carvalhido\",\"url\":\"https:\/\/quintadocarvalhido.com\/\",\"logo\":{\"@type\":\"ImageObject\",\"inLanguage\":\"en-US\",\"@id\":\"https:\/\/quintadocarvalhido.com\/#\/schema\/logo\/image\/\",\"url\":\"https:\/\/quintadocarvalhido.com\/wp-content\/uploads\/2023\/07\/quintadocarvalhido-logo.svg\",\"contentUrl\":\"https:\/\/quintadocarvalhido.com\/wp-content\/uploads\/2023\/07\/quintadocarvalhido-logo.svg\",\"width\":1,\"height\":1,\"caption\":\"Quinta do Carvalhido\"},\"image\":{\"@id\":\"https:\/\/quintadocarvalhido.com\/#\/schema\/logo\/image\/\"},\"sameAs\":[\"https:\/\/www.facebook.com\/QuintadoCarvalhido\/\",\"https:\/\/www.instagram.com\/quintadocarvalhido\/\"]}]}<\/script>\n<!-- \/ Yoast SEO plugin. -->","yoast_head_json":{"title":"Azeite Virgem Extra Premium 2024 - Quinta do Carvalhido","robots":{"index":"index","follow":"follow","max-snippet":"max-snippet:-1","max-image-preview":"max-image-preview:large","max-video-preview":"max-video-preview:-1"},"canonical":"https:\/\/quintadocarvalhido.com\/loja-online\/azeite-2024\/","og_locale":"en_US","og_type":"article","og_title":"Azeite Virgem Extra Premium 2024 - Quinta do Carvalhido","og_description":"O azeite \u00e9 produzido exclusivamente a partir de olivais biol\u00f3gicos, cultivados na Quinta do Carvalhido. A apanha da azeitona \u00e9 feita manualmente, garantindo a sele\u00e7\u00e3o rigorosa dos melhores frutos e preservando a integridade das \u00e1rvores. Iniciamos a campanha logo que as caracter\u00edsticas organol\u00e9pticas das azeitonas revelam o seu pleno potencial arom\u00e1tico. A colheita \u00e9 realizada [&hellip;]","og_url":"https:\/\/quintadocarvalhido.com\/loja-online\/azeite-2024\/","og_site_name":"Quinta do Carvalhido","article_publisher":"https:\/\/www.facebook.com\/QuintadoCarvalhido\/","article_modified_time":"2025-12-11T19:42:10+00:00","og_image":[{"width":1707,"height":2560,"url":"https:\/\/quintadocarvalhido.com\/wp-content\/uploads\/2025\/12\/cns-azeite-1-scaled.jpg","type":"image\/jpeg"}],"twitter_card":"summary_large_image","twitter_misc":{"Est. reading time":"1 minute"},"schema":{"@context":"https:\/\/schema.org","@graph":[{"@type":"WebPage","@id":"https:\/\/quintadocarvalhido.com\/loja-online\/azeite-2024\/","url":"https:\/\/quintadocarvalhido.com\/loja-online\/azeite-2024\/","name":"Azeite Virgem Extra Premium 2024 - Quinta do Carvalhido","isPartOf":{"@id":"https:\/\/quintadocarvalhido.com\/#website"},"primaryImageOfPage":{"@id":"https:\/\/quintadocarvalhido.com\/loja-online\/azeite-2024\/#primaryimage"},"image":{"@id":"https:\/\/quintadocarvalhido.com\/loja-online\/azeite-2024\/#primaryimage"},"thumbnailUrl":"https:\/\/quintadocarvalhido.com\/wp-content\/uploads\/2025\/12\/cns-azeite-1-scaled.jpg","datePublished":"2025-12-10T12:04:54+00:00","dateModified":"2025-12-11T19:42:10+00:00","breadcrumb":{"@id":"https:\/\/quintadocarvalhido.com\/loja-online\/azeite-2024\/#breadcrumb"},"inLanguage":"en-US","potentialAction":[{"@type":"ReadAction","target":["https:\/\/quintadocarvalhido.com\/loja-online\/azeite-2024\/"]}]},{"@type":"ImageObject","inLanguage":"en-US","@id":"https:\/\/quintadocarvalhido.com\/loja-online\/azeite-2024\/#primaryimage","url":"https:\/\/quintadocarvalhido.com\/wp-content\/uploads\/2025\/12\/cns-azeite-1-scaled.jpg","contentUrl":"https:\/\/quintadocarvalhido.com\/wp-content\/uploads\/2025\/12\/cns-azeite-1-scaled.jpg","width":1707,"height":2560},{"@type":"BreadcrumbList","@id":"https:\/\/quintadocarvalhido.com\/loja-online\/azeite-2024\/#breadcrumb","itemListElement":[{"@type":"ListItem","position":1,"name":"Home","item":"https:\/\/quintadocarvalhido.com\/en\/"},{"@type":"ListItem","position":2,"name":"Online Shop","item":"https:\/\/quintadocarvalhido.com\/en\/online-shop\/"},{"@type":"ListItem","position":3,"name":"Azeite Virgem Extra Premium 2024"}]},{"@type":"WebSite","@id":"https:\/\/quintadocarvalhido.com\/#website","url":"https:\/\/quintadocarvalhido.com\/","name":"Quinta do Carvalhido","description":"","publisher":{"@id":"https:\/\/quintadocarvalhido.com\/#organization"},"potentialAction":[{"@type":"SearchAction","target":{"@type":"EntryPoint","urlTemplate":"https:\/\/quintadocarvalhido.com\/?s={search_term_string}"},"query-input":{"@type":"PropertyValueSpecification","valueRequired":true,"valueName":"search_term_string"}}],"inLanguage":"en-US"},{"@type":"Organization","@id":"https:\/\/quintadocarvalhido.com\/#organization","name":"Quinta do Carvalhido","url":"https:\/\/quintadocarvalhido.com\/","logo":{"@type":"ImageObject","inLanguage":"en-US","@id":"https:\/\/quintadocarvalhido.com\/#\/schema\/logo\/image\/","url":"https:\/\/quintadocarvalhido.com\/wp-content\/uploads\/2023\/07\/quintadocarvalhido-logo.svg","contentUrl":"https:\/\/quintadocarvalhido.com\/wp-content\/uploads\/2023\/07\/quintadocarvalhido-logo.svg","width":1,"height":1,"caption":"Quinta do Carvalhido"},"image":{"@id":"https:\/\/quintadocarvalhido.com\/#\/schema\/logo\/image\/"},"sameAs":["https:\/\/www.facebook.com\/QuintadoCarvalhido\/","https:\/\/www.instagram.com\/quintadocarvalhido\/"]}]}},"builder_content":"","_links":{"self":[{"href":"https:\/\/quintadocarvalhido.com\/en\/wp-json\/wp\/v2\/product\/1463","targetHints":{"allow":["GET"]}}],"collection":[{"href":"https:\/\/quintadocarvalhido.com\/en\/wp-json\/wp\/v2\/product"}],"about":[{"href":"https:\/\/quintadocarvalhido.com\/en\/wp-json\/wp\/v2\/types\/product"}],"replies":[{"embeddable":true,"href":"https:\/\/quintadocarvalhido.com\/en\/wp-json\/wp\/v2\/comments?post=1463"}],"wp:featuredmedia":[{"embeddable":true,"href":"https:\/\/quintadocarvalhido.com\/en\/wp-json\/wp\/v2\/media\/1464"}],"wp:attachment":[{"href":"https:\/\/quintadocarvalhido.com\/en\/wp-json\/wp\/v2\/media?parent=1463"}],"wp:term":[{"taxonomy":"product_brand","embeddable":true,"href":"https:\/\/quintadocarvalhido.com\/en\/wp-json\/wp\/v2\/product_brand?post=1463"},{"taxonomy":"product_cat","embeddable":true,"href":"https:\/\/quintadocarvalhido.com\/en\/wp-json\/wp\/v2\/product_cat?post=1463"},{"taxonomy":"product_tag","embeddable":true,"href":"https:\/\/quintadocarvalhido.com\/en\/wp-json\/wp\/v2\/product_tag?post=1463"}],"curies":[{"name":"wp","href":"https:\/\/api.w.org\/{rel}","templated":true}]}}