{"id":1434,"date":"2025-12-03T12:06:32","date_gmt":"2025-12-03T12:06:32","guid":{"rendered":"https:\/\/quintadocarvalhido.com\/?post_type=product&#038;p=1434"},"modified":"2026-04-13T13:42:56","modified_gmt":"2026-04-13T13:42:56","slug":"edicao-limitada","status":"publish","type":"product","link":"https:\/\/quintadocarvalhido.com\/en\/loja-online\/edicao-limitada\/","title":{"rendered":"Edi\u00e7\u00e3o Limitada"},"content":{"rendered":"<p>A Quinta do Carvalhido re\u00fane duas paix\u00f5es portuguesas numa s\u00f3 caixa, express\u00f5es aut\u00eanticas do nosso terroir.<\/p>\n<p>Inclui uma garrafa de Quinta do Carvalhido Tinto 2020, intenso e envolvente, uma garrafa de Quinta do Carvalhido Branco 2023, fresco e vibrante, e o nosso Azeite Extra Virgem Premium Biol\u00f3gico, produzido a partir de oliveiras centen\u00e1rias do Douro Superior.<\/p>\n<p>Uma sele\u00e7\u00e3o cuidada para celebrar a tradi\u00e7\u00e3o, a qualidade e os sabores que contam hist\u00f3rias.<\/p>\n","protected":false},"excerpt":{"rendered":"<p>A Quinta do Carvalhido re\u00fane duas paix\u00f5es portuguesas numa s\u00f3 caixa, express\u00f5es aut\u00eanticas do nosso terroir. Inclui uma garrafa de Quinta do Carvalhido Tinto 2020, intenso e envolvente, uma garrafa de Quinta do Carvalhido Branco 2023, fresco e vibrante, e o nosso Azeite Extra Virgem Premium Biol\u00f3gico, produzido a partir de oliveiras centen\u00e1rias do Douro [&hellip;]<\/p>\n","protected":false},"featured_media":1431,"comment_status":"open","ping_status":"closed","template":"","meta":{"_acf_changed":false},"product_brand":[],"product_cat":[41],"product_tag":[],"class_list":{"0":"post-1434","1":"product","2":"type-product","3":"status-publish","4":"has-post-thumbnail","6":"product_cat-novidades","7":"has-post-title","8":"has-post-date","9":"has-post-category","10":"has-post-tag","11":"has-post-comment","12":"has-post-author","13":"","15":"first","16":"instock","17":"shipping-taxable","18":"purchasable","19":"product-type-simple"},"acf":[],"yoast_head":"<!-- This site is optimized with the Yoast SEO plugin v26.6 - https:\/\/yoast.com\/wordpress\/plugins\/seo\/ -->\n<title>Edi\u00e7\u00e3o Limitada - Quinta do Carvalhido<\/title>\n<meta name=\"robots\" content=\"index, follow, max-snippet:-1, max-image-preview:large, max-video-preview:-1\" \/>\n<link rel=\"canonical\" href=\"https:\/\/quintadocarvalhido.com\/loja-online\/edicao-limitada\/\" \/>\n<meta property=\"og:locale\" content=\"en_US\" \/>\n<meta property=\"og:type\" content=\"article\" \/>\n<meta property=\"og:title\" content=\"Edi\u00e7\u00e3o Limitada - Quinta do Carvalhido\" \/>\n<meta property=\"og:description\" content=\"A Quinta do Carvalhido re\u00fane duas paix\u00f5es portuguesas numa s\u00f3 caixa, express\u00f5es aut\u00eanticas do nosso terroir. Inclui uma garrafa de Quinta do Carvalhido Tinto 2020, intenso e envolvente, uma garrafa de Quinta do Carvalhido Branco 2023, fresco e vibrante, e o nosso Azeite Extra Virgem Premium Biol\u00f3gico, produzido a partir de oliveiras centen\u00e1rias do Douro [&hellip;]\" \/>\n<meta property=\"og:url\" content=\"https:\/\/quintadocarvalhido.com\/loja-online\/edicao-limitada\/\" \/>\n<meta property=\"og:site_name\" content=\"Quinta do Carvalhido\" \/>\n<meta property=\"article:publisher\" content=\"https:\/\/www.facebook.com\/QuintadoCarvalhido\/\" \/>\n<meta property=\"article:modified_time\" content=\"2026-04-13T13:42:56+00:00\" \/>\n<meta property=\"og:image\" content=\"https:\/\/quintadocarvalhido.com\/wp-content\/uploads\/2025\/12\/PackNatal2025.png\" \/>\n\t<meta property=\"og:image:width\" content=\"500\" \/>\n\t<meta property=\"og:image:height\" content=\"500\" \/>\n\t<meta property=\"og:image:type\" content=\"image\/png\" \/>\n<meta name=\"twitter:card\" content=\"summary_large_image\" \/>\n<script type=\"application\/ld+json\" class=\"yoast-schema-graph\">{\"@context\":\"https:\/\/schema.org\",\"@graph\":[{\"@type\":\"WebPage\",\"@id\":\"https:\/\/quintadocarvalhido.com\/loja-online\/edicao-limitada\/\",\"url\":\"https:\/\/quintadocarvalhido.com\/loja-online\/edicao-limitada\/\",\"name\":\"Edi\u00e7\u00e3o Limitada - Quinta do Carvalhido\",\"isPartOf\":{\"@id\":\"https:\/\/quintadocarvalhido.com\/#website\"},\"primaryImageOfPage\":{\"@id\":\"https:\/\/quintadocarvalhido.com\/loja-online\/edicao-limitada\/#primaryimage\"},\"image\":{\"@id\":\"https:\/\/quintadocarvalhido.com\/loja-online\/edicao-limitada\/#primaryimage\"},\"thumbnailUrl\":\"https:\/\/quintadocarvalhido.com\/wp-content\/uploads\/2025\/12\/PackNatal2025.png\",\"datePublished\":\"2025-12-03T12:06:32+00:00\",\"dateModified\":\"2026-04-13T13:42:56+00:00\",\"breadcrumb\":{\"@id\":\"https:\/\/quintadocarvalhido.com\/loja-online\/edicao-limitada\/#breadcrumb\"},\"inLanguage\":\"en-US\",\"potentialAction\":[{\"@type\":\"ReadAction\",\"target\":[\"https:\/\/quintadocarvalhido.com\/loja-online\/edicao-limitada\/\"]}]},{\"@type\":\"ImageObject\",\"inLanguage\":\"en-US\",\"@id\":\"https:\/\/quintadocarvalhido.com\/loja-online\/edicao-limitada\/#primaryimage\",\"url\":\"https:\/\/quintadocarvalhido.com\/wp-content\/uploads\/2025\/12\/PackNatal2025.png\",\"contentUrl\":\"https:\/\/quintadocarvalhido.com\/wp-content\/uploads\/2025\/12\/PackNatal2025.png\",\"width\":500,\"height\":500},{\"@type\":\"BreadcrumbList\",\"@id\":\"https:\/\/quintadocarvalhido.com\/loja-online\/edicao-limitada\/#breadcrumb\",\"itemListElement\":[{\"@type\":\"ListItem\",\"position\":1,\"name\":\"Home\",\"item\":\"https:\/\/quintadocarvalhido.com\/en\/\"},{\"@type\":\"ListItem\",\"position\":2,\"name\":\"Online Shop\",\"item\":\"https:\/\/quintadocarvalhido.com\/en\/online-shop\/\"},{\"@type\":\"ListItem\",\"position\":3,\"name\":\"Edi\u00e7\u00e3o Limitada\"}]},{\"@type\":\"WebSite\",\"@id\":\"https:\/\/quintadocarvalhido.com\/#website\",\"url\":\"https:\/\/quintadocarvalhido.com\/\",\"name\":\"Quinta do Carvalhido\",\"description\":\"\",\"publisher\":{\"@id\":\"https:\/\/quintadocarvalhido.com\/#organization\"},\"potentialAction\":[{\"@type\":\"SearchAction\",\"target\":{\"@type\":\"EntryPoint\",\"urlTemplate\":\"https:\/\/quintadocarvalhido.com\/?s={search_term_string}\"},\"query-input\":{\"@type\":\"PropertyValueSpecification\",\"valueRequired\":true,\"valueName\":\"search_term_string\"}}],\"inLanguage\":\"en-US\"},{\"@type\":\"Organization\",\"@id\":\"https:\/\/quintadocarvalhido.com\/#organization\",\"name\":\"Quinta do Carvalhido\",\"url\":\"https:\/\/quintadocarvalhido.com\/\",\"logo\":{\"@type\":\"ImageObject\",\"inLanguage\":\"en-US\",\"@id\":\"https:\/\/quintadocarvalhido.com\/#\/schema\/logo\/image\/\",\"url\":\"https:\/\/quintadocarvalhido.com\/wp-content\/uploads\/2023\/07\/quintadocarvalhido-logo.svg\",\"contentUrl\":\"https:\/\/quintadocarvalhido.com\/wp-content\/uploads\/2023\/07\/quintadocarvalhido-logo.svg\",\"width\":1,\"height\":1,\"caption\":\"Quinta do Carvalhido\"},\"image\":{\"@id\":\"https:\/\/quintadocarvalhido.com\/#\/schema\/logo\/image\/\"},\"sameAs\":[\"https:\/\/www.facebook.com\/QuintadoCarvalhido\/\",\"https:\/\/www.instagram.com\/quintadocarvalhido\/\"]}]}<\/script>\n<!-- \/ Yoast SEO plugin. -->","yoast_head_json":{"title":"Edi\u00e7\u00e3o Limitada - Quinta do Carvalhido","robots":{"index":"index","follow":"follow","max-snippet":"max-snippet:-1","max-image-preview":"max-image-preview:large","max-video-preview":"max-video-preview:-1"},"canonical":"https:\/\/quintadocarvalhido.com\/loja-online\/edicao-limitada\/","og_locale":"en_US","og_type":"article","og_title":"Edi\u00e7\u00e3o Limitada - Quinta do Carvalhido","og_description":"A Quinta do Carvalhido re\u00fane duas paix\u00f5es portuguesas numa s\u00f3 caixa, express\u00f5es aut\u00eanticas do nosso terroir. Inclui uma garrafa de Quinta do Carvalhido Tinto 2020, intenso e envolvente, uma garrafa de Quinta do Carvalhido Branco 2023, fresco e vibrante, e o nosso Azeite Extra Virgem Premium Biol\u00f3gico, produzido a partir de oliveiras centen\u00e1rias do Douro [&hellip;]","og_url":"https:\/\/quintadocarvalhido.com\/loja-online\/edicao-limitada\/","og_site_name":"Quinta do Carvalhido","article_publisher":"https:\/\/www.facebook.com\/QuintadoCarvalhido\/","article_modified_time":"2026-04-13T13:42:56+00:00","og_image":[{"width":500,"height":500,"url":"https:\/\/quintadocarvalhido.com\/wp-content\/uploads\/2025\/12\/PackNatal2025.png","type":"image\/png"}],"twitter_card":"summary_large_image","schema":{"@context":"https:\/\/schema.org","@graph":[{"@type":"WebPage","@id":"https:\/\/quintadocarvalhido.com\/loja-online\/edicao-limitada\/","url":"https:\/\/quintadocarvalhido.com\/loja-online\/edicao-limitada\/","name":"Edi\u00e7\u00e3o Limitada - Quinta do Carvalhido","isPartOf":{"@id":"https:\/\/quintadocarvalhido.com\/#website"},"primaryImageOfPage":{"@id":"https:\/\/quintadocarvalhido.com\/loja-online\/edicao-limitada\/#primaryimage"},"image":{"@id":"https:\/\/quintadocarvalhido.com\/loja-online\/edicao-limitada\/#primaryimage"},"thumbnailUrl":"https:\/\/quintadocarvalhido.com\/wp-content\/uploads\/2025\/12\/PackNatal2025.png","datePublished":"2025-12-03T12:06:32+00:00","dateModified":"2026-04-13T13:42:56+00:00","breadcrumb":{"@id":"https:\/\/quintadocarvalhido.com\/loja-online\/edicao-limitada\/#breadcrumb"},"inLanguage":"en-US","potentialAction":[{"@type":"ReadAction","target":["https:\/\/quintadocarvalhido.com\/loja-online\/edicao-limitada\/"]}]},{"@type":"ImageObject","inLanguage":"en-US","@id":"https:\/\/quintadocarvalhido.com\/loja-online\/edicao-limitada\/#primaryimage","url":"https:\/\/quintadocarvalhido.com\/wp-content\/uploads\/2025\/12\/PackNatal2025.png","contentUrl":"https:\/\/quintadocarvalhido.com\/wp-content\/uploads\/2025\/12\/PackNatal2025.png","width":500,"height":500},{"@type":"BreadcrumbList","@id":"https:\/\/quintadocarvalhido.com\/loja-online\/edicao-limitada\/#breadcrumb","itemListElement":[{"@type":"ListItem","position":1,"name":"Home","item":"https:\/\/quintadocarvalhido.com\/en\/"},{"@type":"ListItem","position":2,"name":"Online Shop","item":"https:\/\/quintadocarvalhido.com\/en\/online-shop\/"},{"@type":"ListItem","position":3,"name":"Edi\u00e7\u00e3o Limitada"}]},{"@type":"WebSite","@id":"https:\/\/quintadocarvalhido.com\/#website","url":"https:\/\/quintadocarvalhido.com\/","name":"Quinta do Carvalhido","description":"","publisher":{"@id":"https:\/\/quintadocarvalhido.com\/#organization"},"potentialAction":[{"@type":"SearchAction","target":{"@type":"EntryPoint","urlTemplate":"https:\/\/quintadocarvalhido.com\/?s={search_term_string}"},"query-input":{"@type":"PropertyValueSpecification","valueRequired":true,"valueName":"search_term_string"}}],"inLanguage":"en-US"},{"@type":"Organization","@id":"https:\/\/quintadocarvalhido.com\/#organization","name":"Quinta do Carvalhido","url":"https:\/\/quintadocarvalhido.com\/","logo":{"@type":"ImageObject","inLanguage":"en-US","@id":"https:\/\/quintadocarvalhido.com\/#\/schema\/logo\/image\/","url":"https:\/\/quintadocarvalhido.com\/wp-content\/uploads\/2023\/07\/quintadocarvalhido-logo.svg","contentUrl":"https:\/\/quintadocarvalhido.com\/wp-content\/uploads\/2023\/07\/quintadocarvalhido-logo.svg","width":1,"height":1,"caption":"Quinta do Carvalhido"},"image":{"@id":"https:\/\/quintadocarvalhido.com\/#\/schema\/logo\/image\/"},"sameAs":["https:\/\/www.facebook.com\/QuintadoCarvalhido\/","https:\/\/www.instagram.com\/quintadocarvalhido\/"]}]}},"builder_content":"","_links":{"self":[{"href":"https:\/\/quintadocarvalhido.com\/en\/wp-json\/wp\/v2\/product\/1434","targetHints":{"allow":["GET"]}}],"collection":[{"href":"https:\/\/quintadocarvalhido.com\/en\/wp-json\/wp\/v2\/product"}],"about":[{"href":"https:\/\/quintadocarvalhido.com\/en\/wp-json\/wp\/v2\/types\/product"}],"replies":[{"embeddable":true,"href":"https:\/\/quintadocarvalhido.com\/en\/wp-json\/wp\/v2\/comments?post=1434"}],"wp:featuredmedia":[{"embeddable":true,"href":"https:\/\/quintadocarvalhido.com\/en\/wp-json\/wp\/v2\/media\/1431"}],"wp:attachment":[{"href":"https:\/\/quintadocarvalhido.com\/en\/wp-json\/wp\/v2\/media?parent=1434"}],"wp:term":[{"taxonomy":"product_brand","embeddable":true,"href":"https:\/\/quintadocarvalhido.com\/en\/wp-json\/wp\/v2\/product_brand?post=1434"},{"taxonomy":"product_cat","embeddable":true,"href":"https:\/\/quintadocarvalhido.com\/en\/wp-json\/wp\/v2\/product_cat?post=1434"},{"taxonomy":"product_tag","embeddable":true,"href":"https:\/\/quintadocarvalhido.com\/en\/wp-json\/wp\/v2\/product_tag?post=1434"}],"curies":[{"name":"wp","href":"https:\/\/api.w.org\/{rel}","templated":true}]}}