{"id":1013,"date":"2024-10-17T16:10:47","date_gmt":"2024-10-17T16:10:47","guid":{"rendered":"https:\/\/quintadocarvalhido.com\/loja-online\/carvalhido-rose\/"},"modified":"2025-11-10T13:32:39","modified_gmt":"2025-11-10T13:32:39","slug":"carvalhido-rose","status":"publish","type":"product","link":"https:\/\/quintadocarvalhido.com\/en\/loja-online\/carvalhido-rose\/","title":{"rendered":"Carvalhido Rose"},"content":{"rendered":"<p>Pale onion-skin in colour, clear and medium-bright. It reveals notes of lavender and raspberry, delicately wrapped in nuances of crushed schist. On the palate, it is equally mineral, echoing the aromatic profile, with remarkable freshness that unfolds into layers of complexity and a distinctly gastronomic character.<\/p>\n<p>A blend of Touriga Nacional, Touriga Franca, and Tinta Roriz, it pairs beautifully with Am\u00eaijoas \u00e0 Bulh\u00e3o Pato, fusion sushi, or a classic Caesar salad.<\/p>\n","protected":false},"excerpt":{"rendered":"<p>Pale onion-skin in colour, clear and medium-bright. It reveals notes of lavender and raspberry, delicately wrapped in nuances of crushed schist. On the palate, it is equally mineral, echoing the aromatic profile, with remarkable freshness that unfolds into layers of complexity and a distinctly gastronomic character. A blend of Touriga Nacional, Touriga Franca, and Tinta [&hellip;]<\/p>\n","protected":false},"featured_media":1393,"comment_status":"open","ping_status":"closed","template":"","meta":{"_acf_changed":false},"product_brand":[],"product_cat":[27],"product_tag":[],"class_list":{"0":"post-1013","1":"product","2":"type-product","3":"status-publish","4":"has-post-thumbnail","6":"product_cat-carvalhido-en","7":"has-post-title","8":"has-post-date","9":"has-post-category","10":"has-post-tag","11":"has-post-comment","12":"has-post-author","13":"","15":"first","16":"instock","17":"shipping-taxable","18":"purchasable","19":"product-type-simple"},"acf":[],"yoast_head":"<!-- This site is optimized with the Yoast SEO plugin v26.6 - https:\/\/yoast.com\/wordpress\/plugins\/seo\/ -->\n<title>Carvalhido Rose - Quinta do Carvalhido<\/title>\n<meta name=\"robots\" content=\"index, follow, max-snippet:-1, max-image-preview:large, max-video-preview:-1\" \/>\n<link rel=\"canonical\" href=\"https:\/\/quintadocarvalhido.com\/en\/loja-online\/carvalhido-rose\/\" \/>\n<meta property=\"og:locale\" content=\"en_US\" \/>\n<meta property=\"og:type\" content=\"article\" \/>\n<meta property=\"og:title\" content=\"Carvalhido Rose - Quinta do Carvalhido\" \/>\n<meta property=\"og:description\" content=\"Pale onion-skin in colour, clear and medium-bright. It reveals notes of lavender and raspberry, delicately wrapped in nuances of crushed schist. On the palate, it is equally mineral, echoing the aromatic profile, with remarkable freshness that unfolds into layers of complexity and a distinctly gastronomic character. A blend of Touriga Nacional, Touriga Franca, and Tinta [&hellip;]\" \/>\n<meta property=\"og:url\" content=\"https:\/\/quintadocarvalhido.com\/en\/loja-online\/carvalhido-rose\/\" \/>\n<meta property=\"og:site_name\" content=\"Quinta do Carvalhido\" \/>\n<meta property=\"article:publisher\" content=\"https:\/\/www.facebook.com\/QuintadoCarvalhido\/\" \/>\n<meta property=\"article:modified_time\" content=\"2025-11-10T13:32:39+00:00\" \/>\n<meta property=\"og:image\" content=\"https:\/\/quintadocarvalhido.com\/wp-content\/uploads\/2024\/10\/carvalhido-rose-1.png\" \/>\n\t<meta property=\"og:image:width\" content=\"487\" \/>\n\t<meta property=\"og:image:height\" content=\"1000\" \/>\n\t<meta property=\"og:image:type\" content=\"image\/png\" \/>\n<meta name=\"twitter:card\" content=\"summary_large_image\" \/>\n<meta name=\"twitter:label1\" content=\"Est. reading time\" \/>\n\t<meta name=\"twitter:data1\" content=\"1 minute\" \/>\n<script type=\"application\/ld+json\" class=\"yoast-schema-graph\">{\"@context\":\"https:\/\/schema.org\",\"@graph\":[{\"@type\":\"WebPage\",\"@id\":\"https:\/\/quintadocarvalhido.com\/en\/loja-online\/carvalhido-rose\/\",\"url\":\"https:\/\/quintadocarvalhido.com\/en\/loja-online\/carvalhido-rose\/\",\"name\":\"Carvalhido Rose - Quinta do Carvalhido\",\"isPartOf\":{\"@id\":\"https:\/\/quintadocarvalhido.com\/#website\"},\"primaryImageOfPage\":{\"@id\":\"https:\/\/quintadocarvalhido.com\/en\/loja-online\/carvalhido-rose\/#primaryimage\"},\"image\":{\"@id\":\"https:\/\/quintadocarvalhido.com\/en\/loja-online\/carvalhido-rose\/#primaryimage\"},\"thumbnailUrl\":\"https:\/\/quintadocarvalhido.com\/wp-content\/uploads\/2024\/10\/carvalhido-rose-1.png\",\"datePublished\":\"2024-10-17T16:10:47+00:00\",\"dateModified\":\"2025-11-10T13:32:39+00:00\",\"breadcrumb\":{\"@id\":\"https:\/\/quintadocarvalhido.com\/en\/loja-online\/carvalhido-rose\/#breadcrumb\"},\"inLanguage\":\"en-US\",\"potentialAction\":[{\"@type\":\"ReadAction\",\"target\":[\"https:\/\/quintadocarvalhido.com\/en\/loja-online\/carvalhido-rose\/\"]}]},{\"@type\":\"ImageObject\",\"inLanguage\":\"en-US\",\"@id\":\"https:\/\/quintadocarvalhido.com\/en\/loja-online\/carvalhido-rose\/#primaryimage\",\"url\":\"https:\/\/quintadocarvalhido.com\/wp-content\/uploads\/2024\/10\/carvalhido-rose-1.png\",\"contentUrl\":\"https:\/\/quintadocarvalhido.com\/wp-content\/uploads\/2024\/10\/carvalhido-rose-1.png\",\"width\":487,\"height\":1000},{\"@type\":\"BreadcrumbList\",\"@id\":\"https:\/\/quintadocarvalhido.com\/en\/loja-online\/carvalhido-rose\/#breadcrumb\",\"itemListElement\":[{\"@type\":\"ListItem\",\"position\":1,\"name\":\"Home\",\"item\":\"https:\/\/quintadocarvalhido.com\/en\/\"},{\"@type\":\"ListItem\",\"position\":2,\"name\":\"Online Shop\",\"item\":\"https:\/\/quintadocarvalhido.com\/en\/online-shop\/\"},{\"@type\":\"ListItem\",\"position\":3,\"name\":\"Carvalhido Rose\"}]},{\"@type\":\"WebSite\",\"@id\":\"https:\/\/quintadocarvalhido.com\/#website\",\"url\":\"https:\/\/quintadocarvalhido.com\/\",\"name\":\"Quinta do Carvalhido\",\"description\":\"\",\"publisher\":{\"@id\":\"https:\/\/quintadocarvalhido.com\/#organization\"},\"potentialAction\":[{\"@type\":\"SearchAction\",\"target\":{\"@type\":\"EntryPoint\",\"urlTemplate\":\"https:\/\/quintadocarvalhido.com\/?s={search_term_string}\"},\"query-input\":{\"@type\":\"PropertyValueSpecification\",\"valueRequired\":true,\"valueName\":\"search_term_string\"}}],\"inLanguage\":\"en-US\"},{\"@type\":\"Organization\",\"@id\":\"https:\/\/quintadocarvalhido.com\/#organization\",\"name\":\"Quinta do Carvalhido\",\"url\":\"https:\/\/quintadocarvalhido.com\/\",\"logo\":{\"@type\":\"ImageObject\",\"inLanguage\":\"en-US\",\"@id\":\"https:\/\/quintadocarvalhido.com\/#\/schema\/logo\/image\/\",\"url\":\"https:\/\/quintadocarvalhido.com\/wp-content\/uploads\/2023\/07\/quintadocarvalhido-logo.svg\",\"contentUrl\":\"https:\/\/quintadocarvalhido.com\/wp-content\/uploads\/2023\/07\/quintadocarvalhido-logo.svg\",\"width\":1,\"height\":1,\"caption\":\"Quinta do Carvalhido\"},\"image\":{\"@id\":\"https:\/\/quintadocarvalhido.com\/#\/schema\/logo\/image\/\"},\"sameAs\":[\"https:\/\/www.facebook.com\/QuintadoCarvalhido\/\",\"https:\/\/www.instagram.com\/quintadocarvalhido\/\"]}]}<\/script>\n<!-- \/ Yoast SEO plugin. -->","yoast_head_json":{"title":"Carvalhido Rose - Quinta do Carvalhido","robots":{"index":"index","follow":"follow","max-snippet":"max-snippet:-1","max-image-preview":"max-image-preview:large","max-video-preview":"max-video-preview:-1"},"canonical":"https:\/\/quintadocarvalhido.com\/en\/loja-online\/carvalhido-rose\/","og_locale":"en_US","og_type":"article","og_title":"Carvalhido Rose - Quinta do Carvalhido","og_description":"Pale onion-skin in colour, clear and medium-bright. It reveals notes of lavender and raspberry, delicately wrapped in nuances of crushed schist. On the palate, it is equally mineral, echoing the aromatic profile, with remarkable freshness that unfolds into layers of complexity and a distinctly gastronomic character. A blend of Touriga Nacional, Touriga Franca, and Tinta [&hellip;]","og_url":"https:\/\/quintadocarvalhido.com\/en\/loja-online\/carvalhido-rose\/","og_site_name":"Quinta do Carvalhido","article_publisher":"https:\/\/www.facebook.com\/QuintadoCarvalhido\/","article_modified_time":"2025-11-10T13:32:39+00:00","og_image":[{"width":487,"height":1000,"url":"https:\/\/quintadocarvalhido.com\/wp-content\/uploads\/2024\/10\/carvalhido-rose-1.png","type":"image\/png"}],"twitter_card":"summary_large_image","twitter_misc":{"Est. reading time":"1 minute"},"schema":{"@context":"https:\/\/schema.org","@graph":[{"@type":"WebPage","@id":"https:\/\/quintadocarvalhido.com\/en\/loja-online\/carvalhido-rose\/","url":"https:\/\/quintadocarvalhido.com\/en\/loja-online\/carvalhido-rose\/","name":"Carvalhido Rose - Quinta do Carvalhido","isPartOf":{"@id":"https:\/\/quintadocarvalhido.com\/#website"},"primaryImageOfPage":{"@id":"https:\/\/quintadocarvalhido.com\/en\/loja-online\/carvalhido-rose\/#primaryimage"},"image":{"@id":"https:\/\/quintadocarvalhido.com\/en\/loja-online\/carvalhido-rose\/#primaryimage"},"thumbnailUrl":"https:\/\/quintadocarvalhido.com\/wp-content\/uploads\/2024\/10\/carvalhido-rose-1.png","datePublished":"2024-10-17T16:10:47+00:00","dateModified":"2025-11-10T13:32:39+00:00","breadcrumb":{"@id":"https:\/\/quintadocarvalhido.com\/en\/loja-online\/carvalhido-rose\/#breadcrumb"},"inLanguage":"en-US","potentialAction":[{"@type":"ReadAction","target":["https:\/\/quintadocarvalhido.com\/en\/loja-online\/carvalhido-rose\/"]}]},{"@type":"ImageObject","inLanguage":"en-US","@id":"https:\/\/quintadocarvalhido.com\/en\/loja-online\/carvalhido-rose\/#primaryimage","url":"https:\/\/quintadocarvalhido.com\/wp-content\/uploads\/2024\/10\/carvalhido-rose-1.png","contentUrl":"https:\/\/quintadocarvalhido.com\/wp-content\/uploads\/2024\/10\/carvalhido-rose-1.png","width":487,"height":1000},{"@type":"BreadcrumbList","@id":"https:\/\/quintadocarvalhido.com\/en\/loja-online\/carvalhido-rose\/#breadcrumb","itemListElement":[{"@type":"ListItem","position":1,"name":"Home","item":"https:\/\/quintadocarvalhido.com\/en\/"},{"@type":"ListItem","position":2,"name":"Online Shop","item":"https:\/\/quintadocarvalhido.com\/en\/online-shop\/"},{"@type":"ListItem","position":3,"name":"Carvalhido Rose"}]},{"@type":"WebSite","@id":"https:\/\/quintadocarvalhido.com\/#website","url":"https:\/\/quintadocarvalhido.com\/","name":"Quinta do Carvalhido","description":"","publisher":{"@id":"https:\/\/quintadocarvalhido.com\/#organization"},"potentialAction":[{"@type":"SearchAction","target":{"@type":"EntryPoint","urlTemplate":"https:\/\/quintadocarvalhido.com\/?s={search_term_string}"},"query-input":{"@type":"PropertyValueSpecification","valueRequired":true,"valueName":"search_term_string"}}],"inLanguage":"en-US"},{"@type":"Organization","@id":"https:\/\/quintadocarvalhido.com\/#organization","name":"Quinta do Carvalhido","url":"https:\/\/quintadocarvalhido.com\/","logo":{"@type":"ImageObject","inLanguage":"en-US","@id":"https:\/\/quintadocarvalhido.com\/#\/schema\/logo\/image\/","url":"https:\/\/quintadocarvalhido.com\/wp-content\/uploads\/2023\/07\/quintadocarvalhido-logo.svg","contentUrl":"https:\/\/quintadocarvalhido.com\/wp-content\/uploads\/2023\/07\/quintadocarvalhido-logo.svg","width":1,"height":1,"caption":"Quinta do Carvalhido"},"image":{"@id":"https:\/\/quintadocarvalhido.com\/#\/schema\/logo\/image\/"},"sameAs":["https:\/\/www.facebook.com\/QuintadoCarvalhido\/","https:\/\/www.instagram.com\/quintadocarvalhido\/"]}]}},"builder_content":"","_links":{"self":[{"href":"https:\/\/quintadocarvalhido.com\/en\/wp-json\/wp\/v2\/product\/1013","targetHints":{"allow":["GET"]}}],"collection":[{"href":"https:\/\/quintadocarvalhido.com\/en\/wp-json\/wp\/v2\/product"}],"about":[{"href":"https:\/\/quintadocarvalhido.com\/en\/wp-json\/wp\/v2\/types\/product"}],"replies":[{"embeddable":true,"href":"https:\/\/quintadocarvalhido.com\/en\/wp-json\/wp\/v2\/comments?post=1013"}],"wp:featuredmedia":[{"embeddable":true,"href":"https:\/\/quintadocarvalhido.com\/en\/wp-json\/wp\/v2\/media\/1393"}],"wp:attachment":[{"href":"https:\/\/quintadocarvalhido.com\/en\/wp-json\/wp\/v2\/media?parent=1013"}],"wp:term":[{"taxonomy":"product_brand","embeddable":true,"href":"https:\/\/quintadocarvalhido.com\/en\/wp-json\/wp\/v2\/product_brand?post=1013"},{"taxonomy":"product_cat","embeddable":true,"href":"https:\/\/quintadocarvalhido.com\/en\/wp-json\/wp\/v2\/product_cat?post=1013"},{"taxonomy":"product_tag","embeddable":true,"href":"https:\/\/quintadocarvalhido.com\/en\/wp-json\/wp\/v2\/product_tag?post=1013"}],"curies":[{"name":"wp","href":"https:\/\/api.w.org\/{rel}","templated":true}]}}